{"id":11,"date":"2016-06-21T14:56:52","date_gmt":"2016-06-21T13:56:52","guid":{"rendered":"http:\/\/atraverschantcolmar.fr\/?page_id=11"},"modified":"2026-01-19T11:55:52","modified_gmt":"2026-01-19T10:55:52","slug":"a-travers-chant-droit-dans-ses-notes-2-2","status":"publish","type":"page","link":"https:\/\/atraverschantcolmar.fr\/","title":{"rendered":""},"content":{"rendered":"<div id=\"pl-11\"  class=\"panel-layout\" ><div id=\"pg-11-0\"  class=\"panel-grid panel-has-style\" ><div style=\"padding: 2px 0; \" data-overlay=\"true\" class=\"panel-row-style panel-row-style-for-11-0\" ><div id=\"pgc-11-0-0\"  class=\"panel-grid-cell\" ><div id=\"panel-11-0-0-0\" class=\"so-panel widget widget_sow-headline panel-first-child\" data-index=\"0\" ><div style=\"text-align: left;\" data-title-color=\"#443f3f\" data-headings-color=\"#ffffff\" class=\"panel-widget-style panel-widget-style-for-11-0-0-0\" ><div\n\t\t\t\n\t\t\tclass=\"so-widget-sow-headline so-widget-sow-headline-default-14f5acc2a8dd-11\"\n\t\t\t\n\t\t><div class=\"sow-headline-container \">\n\t\t\t\t\t\t\t<h1 class=\"sow-headline\">\n\t\t\t\t\t\t\u00c0 TRAVERS CHANT  EN POLYPHONIE ET EN MOUVEMENTS \t\t\t\t\t\t<\/h1>\n\t\t\t\t\t\t\t\t\t\t\t<div class=\"decoration\">\n\t\t\t\t\t\t<div class=\"decoration-inside\"><\/div>\n\t\t\t\t\t<\/div>\n\t\t\t\t\t<\/div>\n<\/div><\/div><\/div><div id=\"panel-11-0-0-1\" class=\"so-panel widget widget_sow-headline\" data-index=\"1\" ><div style=\"text-align: left;\" data-title-color=\"#443f3f\" data-headings-color=\"#ffffff\" class=\"panel-widget-style panel-widget-style-for-11-0-0-1\" ><div\n\t\t\t\n\t\t\tclass=\"so-widget-sow-headline so-widget-sow-headline-default-7ab9ca8ba769-11\"\n\t\t\t\n\t\t><div class=\"sow-headline-container \">\n\t\t\t\t\t\t\t<h2 class=\"sow-headline\">\n\t\t\t\t\t\tCONFIDENTIELLEMENT\t\t\t\t\t\t<\/h2>\n\t\t\t\t\t\t\t\t\t\t\t<div class=\"decoration\">\n\t\t\t\t\t\t<div class=\"decoration-inside\"><\/div>\n\t\t\t\t\t<\/div>\n\t\t\t\t\t<\/div>\n<\/div><\/div><\/div><div id=\"panel-11-0-0-2\" class=\"so-panel widget widget_sow-headline panel-last-child\" data-index=\"2\" ><div style=\"text-align: left;\" data-title-color=\"#443f3f\" data-headings-color=\"#ffffff\" class=\"panel-widget-style panel-widget-style-for-11-0-0-2\" ><div\n\t\t\t\n\t\t\tclass=\"so-widget-sow-headline so-widget-sow-headline-default-7ab9ca8ba769-11\"\n\t\t\t\n\t\t><div class=\"sow-headline-container \">\n\t\t\t\t\t\t\t<h2 class=\"sow-headline\">\n\t\t\t\t\t\tNOUVEAU SPECTACLE 2026\t\t\t\t\t\t<\/h2>\n\t\t\t\t\t\t\t\t\t\t\t<div class=\"decoration\">\n\t\t\t\t\t\t<div class=\"decoration-inside\"><\/div>\n\t\t\t\t\t<\/div>\n\t\t\t\t\t<\/div>\n<\/div><\/div><\/div><\/div><\/div><\/div><div id=\"pg-11-1\"  class=\"panel-grid panel-has-style\" ><div style=\"padding: 2px 0; \" data-overlay=\"true\" class=\"panel-row-style panel-row-style-for-11-1\" ><div id=\"pgc-11-1-0\"  class=\"panel-grid-cell\" ><div id=\"panel-11-1-0-0\" class=\"so-panel widget widget_sow-editor panel-first-child panel-last-child\" data-index=\"3\" ><div style=\"text-align: left;\" data-title-color=\"#443f3f\" data-headings-color=\"#443f3f\" class=\"panel-widget-style panel-widget-style-for-11-1-0-0\" ><div\n\t\t\t\n\t\t\tclass=\"so-widget-sow-editor so-widget-sow-editor-base\"\n\t\t\t\n\t\t>\n<div class=\"siteorigin-widget-tinymce textwidget\">\n\t<p><strong>CONFIDENTIELLEMENT&nbsp;convoque toute la palette des situations que nos existences traversent : celles que nous esp\u00e9rons, celles que nous magnifions\u2026 et celles que, parfois, nous subissons avec panache (ou pas).<br \/>\n<\/strong><\/p>\n<p><strong>La chanson s\u2019y impose comme une messag\u00e8re id\u00e9ale, capable de dire l\u2019intime, de r\u00e9v\u00e9ler l\u2019universel et, \u00e0 l\u2019occasion, de faire sourire l\u00e0 o\u00f9 l\u2019on ne s\u2019y attend pas.<\/strong><\/p>\n<p><strong>La troupe \u00c0 Travers Chant est fi\u00e8re de vous associer, en toute simplicit\u00e9, \u00e0 ce voyage sensible au c\u0153ur des \u00e9motions qui jalonnent nos parcours de vie \u2014 ou plut\u00f4t <em>nos vies au pluriel<\/em>, tant elles sont multiples.<br \/>\n<\/strong><\/p>\n<p><strong>Port\u00e9 par un r\u00e9pertoire d\u00e9di\u00e9 \u00e0 la chanson fran\u00e7aise, ce spectacle en choeur et en mouvements c\u00e9l\u00e8bre les mots, les silences, les \u00e9lans et les fragilit\u00e9s qui nous rassemblent.<\/strong><\/p>\n<p style=\"text-align: center;\"><strong>En toute simplicit\u00e9, certes\u2026<\/strong><\/p>\n<p style=\"text-align: center;\"><strong><br \/>\nMais confidentiellement, assur\u00e9ment.<\/strong><\/p>\n<p style=\"text-align: center;\">&nbsp;<\/p>\n<p>&nbsp;<\/p>\n<\/div>\n<\/div><\/div><\/div><\/div><div id=\"pgc-11-1-1\"  class=\"panel-grid-cell\" ><div id=\"panel-11-1-1-0\" class=\"so-panel widget widget_sow-image panel-first-child panel-last-child\" data-index=\"4\" ><div style=\"text-align: left;\" data-title-color=\"#443f3f\" data-headings-color=\"#443f3f\" class=\"panel-widget-style panel-widget-style-for-11-1-1-0\" ><div\n\t\t\t\n\t\t\tclass=\"so-widget-sow-image so-widget-sow-image-default-8b5b6f678277-11\"\n\t\t\t\n\t\t>\n<div class=\"sow-image-container\">\n\t\t<img \n\tsrc=\"https:\/\/atraverschantcolmar.fr\/wp-content\/uploads\/2026\/01\/confidentiellement-2026-pour-affiche-nouveau-spectacle-en-grand-web.jpg\" width=\"793\" height=\"1122\" srcset=\"https:\/\/atraverschantcolmar.fr\/wp-content\/uploads\/2026\/01\/confidentiellement-2026-pour-affiche-nouveau-spectacle-en-grand-web.jpg 793w, https:\/\/atraverschantcolmar.fr\/wp-content\/uploads\/2026\/01\/confidentiellement-2026-pour-affiche-nouveau-spectacle-en-grand-web-212x300.jpg 212w, https:\/\/atraverschantcolmar.fr\/wp-content\/uploads\/2026\/01\/confidentiellement-2026-pour-affiche-nouveau-spectacle-en-grand-web-724x1024.jpg 724w, https:\/\/atraverschantcolmar.fr\/wp-content\/uploads\/2026\/01\/confidentiellement-2026-pour-affiche-nouveau-spectacle-en-grand-web-768x1087.jpg 768w, https:\/\/atraverschantcolmar.fr\/wp-content\/uploads\/2026\/01\/confidentiellement-2026-pour-affiche-nouveau-spectacle-en-grand-web-230x325.jpg 230w, https:\/\/atraverschantcolmar.fr\/wp-content\/uploads\/2026\/01\/confidentiellement-2026-pour-affiche-nouveau-spectacle-en-grand-web-350x495.jpg 350w, https:\/\/atraverschantcolmar.fr\/wp-content\/uploads\/2026\/01\/confidentiellement-2026-pour-affiche-nouveau-spectacle-en-grand-web-480x679.jpg 480w\" sizes=\"(max-width: 793px) 100vw, 793px\" title=\"confidentiellement 2026 pour affiche nouveau spectacle en grand web\" alt=\"\" \t\tclass=\"so-widget-image\"\/>\n\t<\/div>\n\n<\/div><\/div><\/div><\/div><\/div><\/div><div id=\"pg-11-2\"  class=\"panel-grid panel-has-style\" ><div style=\"padding: 2px 0; \" data-overlay=\"true\" data-overlay-color=\"#000000\" class=\"panel-row-style panel-row-style-for-11-2\" ><div id=\"pgc-11-2-0\"  class=\"panel-grid-cell\" ><div id=\"panel-11-2-0-0\" class=\"so-panel widget widget_sow-image panel-first-child panel-last-child\" data-index=\"5\" ><div style=\"text-align: left;\" data-title-color=\"#443f3f\" data-headings-color=\"#443f3f\" class=\"panel-widget-style panel-widget-style-for-11-2-0-0\" ><div\n\t\t\t\n\t\t\tclass=\"so-widget-sow-image so-widget-sow-image-default-8b5b6f678277-11\"\n\t\t\t\n\t\t>\n<div class=\"sow-image-container\">\n\t\t<img \n\tsrc=\"https:\/\/atraverschantcolmar.fr\/wp-content\/uploads\/2026\/01\/confidentiellement-2025-muntzenheim-tarifs-qr-web.jpg\" width=\"793\" height=\"1122\" srcset=\"https:\/\/atraverschantcolmar.fr\/wp-content\/uploads\/2026\/01\/confidentiellement-2025-muntzenheim-tarifs-qr-web.jpg 793w, https:\/\/atraverschantcolmar.fr\/wp-content\/uploads\/2026\/01\/confidentiellement-2025-muntzenheim-tarifs-qr-web-212x300.jpg 212w, https:\/\/atraverschantcolmar.fr\/wp-content\/uploads\/2026\/01\/confidentiellement-2025-muntzenheim-tarifs-qr-web-724x1024.jpg 724w, https:\/\/atraverschantcolmar.fr\/wp-content\/uploads\/2026\/01\/confidentiellement-2025-muntzenheim-tarifs-qr-web-768x1087.jpg 768w, https:\/\/atraverschantcolmar.fr\/wp-content\/uploads\/2026\/01\/confidentiellement-2025-muntzenheim-tarifs-qr-web-230x325.jpg 230w, https:\/\/atraverschantcolmar.fr\/wp-content\/uploads\/2026\/01\/confidentiellement-2025-muntzenheim-tarifs-qr-web-350x495.jpg 350w, https:\/\/atraverschantcolmar.fr\/wp-content\/uploads\/2026\/01\/confidentiellement-2025-muntzenheim-tarifs-qr-web-480x679.jpg 480w\" sizes=\"(max-width: 793px) 100vw, 793px\" title=\"confidentiellement 2025 muntzenheim + tarifs + qr web\" alt=\"\" \t\tclass=\"so-widget-image\"\/>\n\t<\/div>\n\n<\/div><\/div><\/div><\/div><div id=\"pgc-11-2-1\"  class=\"panel-grid-cell\" ><div id=\"panel-11-2-1-0\" class=\"so-panel widget widget_sow-image panel-first-child panel-last-child\" data-index=\"6\" ><div style=\"text-align: left;\" data-title-color=\"#443f3f\" data-headings-color=\"#443f3f\" class=\"panel-widget-style panel-widget-style-for-11-2-1-0\" ><div\n\t\t\t\n\t\t\tclass=\"so-widget-sow-image so-widget-sow-image-default-8b5b6f678277-11\"\n\t\t\t\n\t\t>\n<div class=\"sow-image-container\">\n\t\t<img \n\tsrc=\"https:\/\/atraverschantcolmar.fr\/wp-content\/uploads\/2026\/01\/confidentiellement-2025-munster-tarifs-qr-scaled.jpg\" width=\"1810\" height=\"2560\" srcset=\"https:\/\/atraverschantcolmar.fr\/wp-content\/uploads\/2026\/01\/confidentiellement-2025-munster-tarifs-qr-scaled.jpg 1810w, https:\/\/atraverschantcolmar.fr\/wp-content\/uploads\/2026\/01\/confidentiellement-2025-munster-tarifs-qr-212x300.jpg 212w, https:\/\/atraverschantcolmar.fr\/wp-content\/uploads\/2026\/01\/confidentiellement-2025-munster-tarifs-qr-724x1024.jpg 724w, https:\/\/atraverschantcolmar.fr\/wp-content\/uploads\/2026\/01\/confidentiellement-2025-munster-tarifs-qr-768x1086.jpg 768w, https:\/\/atraverschantcolmar.fr\/wp-content\/uploads\/2026\/01\/confidentiellement-2025-munster-tarifs-qr-1086x1536.jpg 1086w, https:\/\/atraverschantcolmar.fr\/wp-content\/uploads\/2026\/01\/confidentiellement-2025-munster-tarifs-qr-1448x2048.jpg 1448w, https:\/\/atraverschantcolmar.fr\/wp-content\/uploads\/2026\/01\/confidentiellement-2025-munster-tarifs-qr-1000x1415.jpg 1000w, https:\/\/atraverschantcolmar.fr\/wp-content\/uploads\/2026\/01\/confidentiellement-2025-munster-tarifs-qr-230x325.jpg 230w, https:\/\/atraverschantcolmar.fr\/wp-content\/uploads\/2026\/01\/confidentiellement-2025-munster-tarifs-qr-350x495.jpg 350w, https:\/\/atraverschantcolmar.fr\/wp-content\/uploads\/2026\/01\/confidentiellement-2025-munster-tarifs-qr-480x679.jpg 480w\" sizes=\"(max-width: 1810px) 100vw, 1810px\" title=\"confidentiellement 2025 munster + tarifs + qr\" alt=\"\" \t\tclass=\"so-widget-image\"\/>\n\t<\/div>\n\n<\/div><\/div><\/div><\/div><\/div><\/div><div id=\"pg-11-3\"  class=\"panel-grid panel-has-style\" ><div style=\"padding: 2px 0; \" data-overlay=\"true\" data-overlay-color=\"#000000\" class=\"panel-row-style panel-row-style-for-11-3\" ><div id=\"pgc-11-3-0\"  class=\"panel-grid-cell\" ><div id=\"panel-11-3-0-0\" class=\"so-panel widget widget_sow-image panel-first-child panel-last-child\" data-index=\"7\" ><div style=\"text-align: left;\" data-title-color=\"#443f3f\" data-headings-color=\"#443f3f\" class=\"panel-widget-style panel-widget-style-for-11-3-0-0\" ><div\n\t\t\t\n\t\t\tclass=\"so-widget-sow-image so-widget-sow-image-default-8b5b6f678277-11\"\n\t\t\t\n\t\t>\n<div class=\"sow-image-container\">\n\t\t<img \n\tsrc=\"https:\/\/atraverschantcolmar.fr\/wp-content\/uploads\/2026\/01\/confidentiellement-2025-flyer-verso-web.jpg\" width=\"793\" height=\"1122\" srcset=\"https:\/\/atraverschantcolmar.fr\/wp-content\/uploads\/2026\/01\/confidentiellement-2025-flyer-verso-web.jpg 793w, https:\/\/atraverschantcolmar.fr\/wp-content\/uploads\/2026\/01\/confidentiellement-2025-flyer-verso-web-212x300.jpg 212w, https:\/\/atraverschantcolmar.fr\/wp-content\/uploads\/2026\/01\/confidentiellement-2025-flyer-verso-web-724x1024.jpg 724w, https:\/\/atraverschantcolmar.fr\/wp-content\/uploads\/2026\/01\/confidentiellement-2025-flyer-verso-web-768x1087.jpg 768w, https:\/\/atraverschantcolmar.fr\/wp-content\/uploads\/2026\/01\/confidentiellement-2025-flyer-verso-web-230x325.jpg 230w, https:\/\/atraverschantcolmar.fr\/wp-content\/uploads\/2026\/01\/confidentiellement-2025-flyer-verso-web-350x495.jpg 350w, https:\/\/atraverschantcolmar.fr\/wp-content\/uploads\/2026\/01\/confidentiellement-2025-flyer-verso-web-480x679.jpg 480w\" sizes=\"(max-width: 793px) 100vw, 793px\" title=\"confidentiellement 2025 flyer verso web\" alt=\"\" \t\tclass=\"so-widget-image\"\/>\n\t<\/div>\n\n<\/div><\/div><\/div><\/div><div id=\"pgc-11-3-1\"  class=\"panel-grid-cell\" ><div id=\"panel-11-3-1-0\" class=\"so-panel widget widget_sow-image panel-first-child panel-last-child\" data-index=\"8\" ><div style=\"text-align: left;\" data-title-color=\"#443f3f\" data-headings-color=\"#443f3f\" class=\"panel-widget-style panel-widget-style-for-11-3-1-0\" ><div\n\t\t\t\n\t\t\tclass=\"so-widget-sow-image so-widget-sow-image-default-8b5b6f678277-11\"\n\t\t\t\n\t\t>\n<div class=\"sow-image-container\">\n\t\t<img \n\tsrc=\"https:\/\/atraverschantcolmar.fr\/wp-content\/uploads\/2026\/01\/confidentiellement-2026-benfeld-anould-1.jpg\" width=\"793\" height=\"1122\" srcset=\"https:\/\/atraverschantcolmar.fr\/wp-content\/uploads\/2026\/01\/confidentiellement-2026-benfeld-anould-1.jpg 793w, https:\/\/atraverschantcolmar.fr\/wp-content\/uploads\/2026\/01\/confidentiellement-2026-benfeld-anould-1-212x300.jpg 212w, https:\/\/atraverschantcolmar.fr\/wp-content\/uploads\/2026\/01\/confidentiellement-2026-benfeld-anould-1-724x1024.jpg 724w, https:\/\/atraverschantcolmar.fr\/wp-content\/uploads\/2026\/01\/confidentiellement-2026-benfeld-anould-1-768x1087.jpg 768w, https:\/\/atraverschantcolmar.fr\/wp-content\/uploads\/2026\/01\/confidentiellement-2026-benfeld-anould-1-230x325.jpg 230w, https:\/\/atraverschantcolmar.fr\/wp-content\/uploads\/2026\/01\/confidentiellement-2026-benfeld-anould-1-350x495.jpg 350w, https:\/\/atraverschantcolmar.fr\/wp-content\/uploads\/2026\/01\/confidentiellement-2026-benfeld-anould-1-480x679.jpg 480w\" sizes=\"(max-width: 793px) 100vw, 793px\" title=\"confidentiellement 2026 benfeld anould\" alt=\"\" \t\tclass=\"so-widget-image\"\/>\n\t<\/div>\n\n<\/div><\/div><\/div><\/div><\/div><\/div><\/div>","protected":false},"excerpt":{"rendered":"<p>CONFIDENTIELLEMENT&nbsp;convoque toute la palette des situations que nos existences traversent : celles que nous esp\u00e9rons, celles que nous magnifions\u2026 et celles que, [&hellip;]<\/p>\n","protected":false},"author":1,"featured_media":694,"parent":0,"menu_order":0,"comment_status":"closed","ping_status":"closed","template":"page-templates\/page_fullwidth.php","meta":{"ngg_post_thumbnail":0,"footnotes":""},"class_list":["post-11","page","type-page","status-publish","has-post-thumbnail","hentry"],"_links":{"self":[{"href":"https:\/\/atraverschantcolmar.fr\/index.php?rest_route=\/wp\/v2\/pages\/11","targetHints":{"allow":["GET"]}}],"collection":[{"href":"https:\/\/atraverschantcolmar.fr\/index.php?rest_route=\/wp\/v2\/pages"}],"about":[{"href":"https:\/\/atraverschantcolmar.fr\/index.php?rest_route=\/wp\/v2\/types\/page"}],"author":[{"embeddable":true,"href":"https:\/\/atraverschantcolmar.fr\/index.php?rest_route=\/wp\/v2\/users\/1"}],"replies":[{"embeddable":true,"href":"https:\/\/atraverschantcolmar.fr\/index.php?rest_route=%2Fwp%2Fv2%2Fcomments&post=11"}],"version-history":[{"count":388,"href":"https:\/\/atraverschantcolmar.fr\/index.php?rest_route=\/wp\/v2\/pages\/11\/revisions"}],"predecessor-version":[{"id":2178,"href":"https:\/\/atraverschantcolmar.fr\/index.php?rest_route=\/wp\/v2\/pages\/11\/revisions\/2178"}],"wp:featuredmedia":[{"embeddable":true,"href":"https:\/\/atraverschantcolmar.fr\/index.php?rest_route=\/wp\/v2\/media\/694"}],"wp:attachment":[{"href":"https:\/\/atraverschantcolmar.fr\/index.php?rest_route=%2Fwp%2Fv2%2Fmedia&parent=11"}],"curies":[{"name":"wp","href":"https:\/\/api.w.org\/{rel}","templated":true}]}}