{"id":1348,"date":"2024-01-28T17:22:09","date_gmt":"2024-01-28T16:22:09","guid":{"rendered":"https:\/\/atraverschantcolmar.fr\/?page_id=1348"},"modified":"2024-02-13T23:17:41","modified_gmt":"2024-02-13T22:17:41","slug":"2011-de-bas-en-haut","status":"publish","type":"page","link":"https:\/\/atraverschantcolmar.fr\/?page_id=1348","title":{"rendered":"2011 DE BAS EN HAUT"},"content":{"rendered":"<div id=\"pl-1348\"  class=\"panel-layout\" ><div id=\"pg-1348-0\"  class=\"panel-grid panel-has-style\" ><div style=\"padding: 100px 0; \" data-overlay=\"true\" class=\"panel-row-style panel-row-style-for-1348-0\" ><div id=\"pgc-1348-0-0\"  class=\"panel-grid-cell\" ><div id=\"panel-1348-0-0-0\" class=\"so-panel widget widget_media_image panel-first-child\" data-index=\"0\" ><div style=\"text-align: left;\" data-title-color=\"#443f3f\" data-headings-color=\"#443f3f\" class=\"panel-widget-style panel-widget-style-for-1348-0-0-0\" ><figure style=\"width: 726px\" class=\"wp-caption alignnone\"><img loading=\"lazy\" decoding=\"async\" width=\"726\" height=\"1024\" src=\"https:\/\/atraverschantcolmar.fr\/wp-content\/uploads\/2024\/02\/de-bas-en-haut-copie-726x1024.jpg\" class=\"image wp-image-1673  attachment-large size-large\" alt=\"\" style=\"max-width: 100%; height: auto;\" srcset=\"https:\/\/atraverschantcolmar.fr\/wp-content\/uploads\/2024\/02\/de-bas-en-haut-copie-726x1024.jpg 726w, https:\/\/atraverschantcolmar.fr\/wp-content\/uploads\/2024\/02\/de-bas-en-haut-copie-213x300.jpg 213w, https:\/\/atraverschantcolmar.fr\/wp-content\/uploads\/2024\/02\/de-bas-en-haut-copie-768x1084.jpg 768w, https:\/\/atraverschantcolmar.fr\/wp-content\/uploads\/2024\/02\/de-bas-en-haut-copie-1000x1411.jpg 1000w, https:\/\/atraverschantcolmar.fr\/wp-content\/uploads\/2024\/02\/de-bas-en-haut-copie-230x325.jpg 230w, https:\/\/atraverschantcolmar.fr\/wp-content\/uploads\/2024\/02\/de-bas-en-haut-copie-350x494.jpg 350w, https:\/\/atraverschantcolmar.fr\/wp-content\/uploads\/2024\/02\/de-bas-en-haut-copie-480x677.jpg 480w, https:\/\/atraverschantcolmar.fr\/wp-content\/uploads\/2024\/02\/de-bas-en-haut-copie.jpg 1078w\" sizes=\"auto, (max-width: 726px) 100vw, 726px\" \/><figcaption class=\"wp-caption-text\">affiche ATC 2010<\/figcaption><\/figure><\/div><\/div><div id=\"panel-1348-0-0-1\" class=\"so-panel widget widget_sow-editor panel-last-child\" data-index=\"1\" ><div style=\"text-align: left;\" data-title-color=\"#443f3f\" data-headings-color=\"#ffffff\" class=\"panel-widget-style panel-widget-style-for-1348-0-0-1\" ><div\n\t\t\t\n\t\t\tclass=\"so-widget-sow-editor so-widget-sow-editor-base\"\n\t\t\t\n\t\t>\n<div class=\"siteorigin-widget-tinymce textwidget\">\n\t<p><strong>\u00c0 TRAVERS CHANT DE BAS EN HAUT<\/strong><\/p>\n<p>De bas en haut ou comment l\u2019\u00e9motion, les sentiments, les r\u00eaves et les voyages nous transcendent et nous \u00e9l\u00e8vent. D\u2019Aznavour \u00e0 Calogero, les interpr\u00e9tations en polyphonie vocale, mises en sc\u00e8ne et en mouvements, m\u00e9tamorphosent le r\u00e9pertoire pour construire un v\u00e9ritable spectacle. Tissant \u00e0 la voix, lumi\u00e8res, images, costumes et chor\u00e9graphies originales, Christ\u00e8le Barl\u00e9on, chef de ch\u0153ur et directrice artistique a imagin\u00e9 puis mont\u00e9 de toutes pi\u00e8ces cette odyss\u00e9e musicale. L\u2019\u00e9l\u00e9gant jeu pianistique de Cosima Laurent enveloppe (enl\u00e8ve ?) le tout\u2026de bas en haut<strong>.<\/strong><\/p>\n<ul>\n<li><strong>Notre musique est l\u00e9g\u00e8re&nbsp;? Tant mieux, elle retombera moins vite&nbsp;!<\/strong><\/li>\n<li><strong>Plus on prend de la hauteur, plus on voit loin.<\/strong><\/li>\n<li><strong>Trop haut, c\u2019est l\u2019impossible ; trop bas ce sont les feuilles mortes. La vie n\u2019est pas l\u00e0 ; regardez directement devant vous !<\/strong><\/li>\n<\/ul>\n<\/div>\n<\/div><\/div><\/div><\/div><\/div><\/div><div id=\"pg-1348-1\"  class=\"panel-grid panel-has-style\" ><div style=\"color: #ffffff;padding: 100px 0; \" data-hascolor=\"hascolor\" data-overlay=\"true\" data-overlay-color=\"#000000\" class=\"panel-row-style panel-row-style-for-1348-1\" ><div id=\"pgc-1348-1-0\"  class=\"panel-grid-cell\" ><div id=\"panel-1348-1-0-0\" class=\"so-panel widget widget_media_image panel-first-child\" data-index=\"2\" ><div style=\"text-align: left;\" data-title-color=\"#443f3f\" data-headings-color=\"#443f3f\" class=\"panel-widget-style panel-widget-style-for-1348-1-0-0\" ><img loading=\"lazy\" decoding=\"async\" width=\"2341\" height=\"2263\" src=\"https:\/\/atraverschantcolmar.fr\/wp-content\/uploads\/2024\/02\/Article_DNA_24-02-11-rogne.jpg\" class=\"image wp-image-1699  attachment-full size-full\" alt=\"\" style=\"max-width: 100%; height: auto;\" srcset=\"https:\/\/atraverschantcolmar.fr\/wp-content\/uploads\/2024\/02\/Article_DNA_24-02-11-rogne.jpg 2341w, https:\/\/atraverschantcolmar.fr\/wp-content\/uploads\/2024\/02\/Article_DNA_24-02-11-rogne-300x290.jpg 300w, https:\/\/atraverschantcolmar.fr\/wp-content\/uploads\/2024\/02\/Article_DNA_24-02-11-rogne-1024x990.jpg 1024w, https:\/\/atraverschantcolmar.fr\/wp-content\/uploads\/2024\/02\/Article_DNA_24-02-11-rogne-768x742.jpg 768w, https:\/\/atraverschantcolmar.fr\/wp-content\/uploads\/2024\/02\/Article_DNA_24-02-11-rogne-1536x1485.jpg 1536w, https:\/\/atraverschantcolmar.fr\/wp-content\/uploads\/2024\/02\/Article_DNA_24-02-11-rogne-2048x1980.jpg 2048w, https:\/\/atraverschantcolmar.fr\/wp-content\/uploads\/2024\/02\/Article_DNA_24-02-11-rogne-1000x967.jpg 1000w, https:\/\/atraverschantcolmar.fr\/wp-content\/uploads\/2024\/02\/Article_DNA_24-02-11-rogne-230x222.jpg 230w, https:\/\/atraverschantcolmar.fr\/wp-content\/uploads\/2024\/02\/Article_DNA_24-02-11-rogne-350x338.jpg 350w, https:\/\/atraverschantcolmar.fr\/wp-content\/uploads\/2024\/02\/Article_DNA_24-02-11-rogne-480x464.jpg 480w\" sizes=\"auto, (max-width: 2341px) 100vw, 2341px\" \/><\/div><\/div><div id=\"panel-1348-1-0-1\" class=\"so-panel widget widget_media_image panel-last-child\" data-index=\"3\" ><div style=\"text-align: left;\" data-title-color=\"#443f3f\" data-headings-color=\"#443f3f\" class=\"panel-widget-style panel-widget-style-for-1348-1-0-1\" ><img loading=\"lazy\" decoding=\"async\" width=\"1161\" height=\"2560\" src=\"https:\/\/atraverschantcolmar.fr\/wp-content\/uploads\/2024\/02\/Article_DNA_07-09-11-1-sud-scaled.jpg\" class=\"image wp-image-1701  attachment-full size-full\" alt=\"\" style=\"max-width: 100%; height: auto;\" srcset=\"https:\/\/atraverschantcolmar.fr\/wp-content\/uploads\/2024\/02\/Article_DNA_07-09-11-1-sud-scaled.jpg 1161w, https:\/\/atraverschantcolmar.fr\/wp-content\/uploads\/2024\/02\/Article_DNA_07-09-11-1-sud-136x300.jpg 136w, https:\/\/atraverschantcolmar.fr\/wp-content\/uploads\/2024\/02\/Article_DNA_07-09-11-1-sud-465x1024.jpg 465w, https:\/\/atraverschantcolmar.fr\/wp-content\/uploads\/2024\/02\/Article_DNA_07-09-11-1-sud-768x1693.jpg 768w, https:\/\/atraverschantcolmar.fr\/wp-content\/uploads\/2024\/02\/Article_DNA_07-09-11-1-sud-697x1536.jpg 697w, https:\/\/atraverschantcolmar.fr\/wp-content\/uploads\/2024\/02\/Article_DNA_07-09-11-1-sud-929x2048.jpg 929w, https:\/\/atraverschantcolmar.fr\/wp-content\/uploads\/2024\/02\/Article_DNA_07-09-11-1-sud-1000x2204.jpg 1000w, https:\/\/atraverschantcolmar.fr\/wp-content\/uploads\/2024\/02\/Article_DNA_07-09-11-1-sud-230x507.jpg 230w, https:\/\/atraverschantcolmar.fr\/wp-content\/uploads\/2024\/02\/Article_DNA_07-09-11-1-sud-350x771.jpg 350w, https:\/\/atraverschantcolmar.fr\/wp-content\/uploads\/2024\/02\/Article_DNA_07-09-11-1-sud-480x1058.jpg 480w\" sizes=\"auto, (max-width: 1161px) 100vw, 1161px\" \/><\/div><\/div><\/div><\/div><\/div><\/div>","protected":false},"excerpt":{"rendered":"<p>\u00c0 TRAVERS CHANT DE BAS EN HAUT De bas en haut ou comment l\u2019\u00e9motion, les sentiments, les r\u00eaves et les voyages nous [&hellip;]<\/p>\n","protected":false},"author":1,"featured_media":0,"parent":0,"menu_order":0,"comment_status":"closed","ping_status":"closed","template":"","meta":{"ngg_post_thumbnail":0,"footnotes":""},"class_list":["post-1348","page","type-page","status-publish","hentry"],"_links":{"self":[{"href":"https:\/\/atraverschantcolmar.fr\/index.php?rest_route=\/wp\/v2\/pages\/1348","targetHints":{"allow":["GET"]}}],"collection":[{"href":"https:\/\/atraverschantcolmar.fr\/index.php?rest_route=\/wp\/v2\/pages"}],"about":[{"href":"https:\/\/atraverschantcolmar.fr\/index.php?rest_route=\/wp\/v2\/types\/page"}],"author":[{"embeddable":true,"href":"https:\/\/atraverschantcolmar.fr\/index.php?rest_route=\/wp\/v2\/users\/1"}],"replies":[{"embeddable":true,"href":"https:\/\/atraverschantcolmar.fr\/index.php?rest_route=%2Fwp%2Fv2%2Fcomments&post=1348"}],"version-history":[{"count":19,"href":"https:\/\/atraverschantcolmar.fr\/index.php?rest_route=\/wp\/v2\/pages\/1348\/revisions"}],"predecessor-version":[{"id":1704,"href":"https:\/\/atraverschantcolmar.fr\/index.php?rest_route=\/wp\/v2\/pages\/1348\/revisions\/1704"}],"wp:attachment":[{"href":"https:\/\/atraverschantcolmar.fr\/index.php?rest_route=%2Fwp%2Fv2%2Fmedia&parent=1348"}],"curies":[{"name":"wp","href":"https:\/\/api.w.org\/{rel}","templated":true}]}}