{"id":1475,"date":"2024-01-29T07:48:12","date_gmt":"2024-01-29T06:48:12","guid":{"rendered":"https:\/\/atraverschantcolmar.fr\/?page_id=1475"},"modified":"2024-01-31T08:23:07","modified_gmt":"2024-01-31T07:23:07","slug":"2009-de-petits-peches-capitaux-en-petits-bonheurs-capiteux","status":"publish","type":"page","link":"https:\/\/atraverschantcolmar.fr\/?page_id=1475","title":{"rendered":"2009  DE PETITS P\u00c9CH\u00c9S CAPITAUX EN PETITS BONHEURS CAPITEUX"},"content":{"rendered":"<div id=\"pl-1475\"  class=\"panel-layout\" ><div id=\"pg-1475-0\"  class=\"panel-grid panel-has-style\" ><div style=\"padding: 100px 0; \" data-overlay=\"true\" class=\"panel-row-style panel-row-style-for-1475-0\" ><div id=\"pgc-1475-0-0\"  class=\"panel-grid-cell\" ><div id=\"panel-1475-0-0-0\" class=\"so-panel widget widget_media_image panel-first-child\" data-index=\"0\" ><div style=\"text-align: left;\" data-title-color=\"#443f3f\" data-headings-color=\"#443f3f\" class=\"panel-widget-style panel-widget-style-for-1475-0-0-0\" ><img loading=\"lazy\" decoding=\"async\" width=\"1024\" height=\"580\" src=\"https:\/\/atraverschantcolmar.fr\/wp-content\/uploads\/2024\/01\/peche-bonheur-1-1024x580.jpg\" class=\"image wp-image-1469  attachment-large size-large\" alt=\"\" style=\"max-width: 100%; height: auto;\" srcset=\"https:\/\/atraverschantcolmar.fr\/wp-content\/uploads\/2024\/01\/peche-bonheur-1-1024x580.jpg 1024w, https:\/\/atraverschantcolmar.fr\/wp-content\/uploads\/2024\/01\/peche-bonheur-1-300x170.jpg 300w, https:\/\/atraverschantcolmar.fr\/wp-content\/uploads\/2024\/01\/peche-bonheur-1-768x435.jpg 768w, https:\/\/atraverschantcolmar.fr\/wp-content\/uploads\/2024\/01\/peche-bonheur-1-1536x870.jpg 1536w, https:\/\/atraverschantcolmar.fr\/wp-content\/uploads\/2024\/01\/peche-bonheur-1-2048x1160.jpg 2048w, https:\/\/atraverschantcolmar.fr\/wp-content\/uploads\/2024\/01\/peche-bonheur-1-1000x566.jpg 1000w, https:\/\/atraverschantcolmar.fr\/wp-content\/uploads\/2024\/01\/peche-bonheur-1-230x130.jpg 230w, https:\/\/atraverschantcolmar.fr\/wp-content\/uploads\/2024\/01\/peche-bonheur-1-350x198.jpg 350w, https:\/\/atraverschantcolmar.fr\/wp-content\/uploads\/2024\/01\/peche-bonheur-1-480x272.jpg 480w\" sizes=\"auto, (max-width: 1024px) 100vw, 1024px\" \/><\/div><\/div><div id=\"panel-1475-0-0-1\" class=\"so-panel widget widget_sow-editor panel-last-child\" data-index=\"1\" ><div style=\"text-align: left;\" data-title-color=\"#443f3f\" data-headings-color=\"#ffffff\" class=\"panel-widget-style panel-widget-style-for-1475-0-0-1\" ><div\n\t\t\t\n\t\t\tclass=\"so-widget-sow-editor so-widget-sow-editor-base\"\n\t\t\t\n\t\t>\n<div class=\"siteorigin-widget-tinymce textwidget\">\n\t<p><em>La conscience ? Elle n'emp\u00eache jamais de commettre <strong>un p\u00e9ch\u00e9<\/strong>. Elle emp\u00eache seulement d'en jouir en paix !<\/em><\/p>\n<ul>\n<li>Un<strong> avare<\/strong> ne poss\u00e8de pas son bien, mais son bien le poss\u00e8de.<\/li>\n<li><strong>Gourmandise, paresse, luxure<\/strong> : ce sont les trois vertus cardinales, les vertus de la F\u00eate. Le Paradis sur terre.<\/li>\n<li><strong>L\u2019envie et la col\u00e8re<\/strong> abr\u00e8gent la vie.<\/li>\n<li>Il y a des p\u00e9ch\u00e9s si flatteurs que, si je les confessais, j'en commettrais un autre d'<strong>orgueil<\/strong>.<\/li>\n<\/ul>\n<p>&nbsp;<\/p>\n<p><em>Le<strong> bonheur<\/strong> est un mot abstrait compos\u00e9 de quelques id\u00e9es de plaisir.<\/em><\/p>\n<ul>\n<li><strong>Le bonheur<\/strong> ne se consomme pas, il se fabrique.<\/li>\n<li><strong>Le bonheur<\/strong> est un festin de miettes.<\/li>\n<li><strong>Le bonheur<\/strong> est une d\u00e9cision que nous prenons d'\u00eatre heureux quoi qu'il arrive.<\/li>\n<li><strong>Le bonheur<\/strong> est un r\u00eave d'enfant r\u00e9alis\u00e9 dans l'\u00e2ge adulte.<\/li>\n<\/ul>\n<\/div>\n<\/div><\/div><\/div><\/div><\/div><\/div><\/div>","protected":false},"excerpt":{"rendered":"<p>La conscience ? Elle n&#8217;emp\u00eache jamais de commettre un p\u00e9ch\u00e9. Elle emp\u00eache seulement d&#8217;en jouir en paix ! Un avare ne poss\u00e8de [&hellip;]<\/p>\n","protected":false},"author":1,"featured_media":0,"parent":0,"menu_order":0,"comment_status":"closed","ping_status":"closed","template":"","meta":{"ngg_post_thumbnail":0,"footnotes":""},"class_list":["post-1475","page","type-page","status-publish","hentry"],"_links":{"self":[{"href":"https:\/\/atraverschantcolmar.fr\/index.php?rest_route=\/wp\/v2\/pages\/1475","targetHints":{"allow":["GET"]}}],"collection":[{"href":"https:\/\/atraverschantcolmar.fr\/index.php?rest_route=\/wp\/v2\/pages"}],"about":[{"href":"https:\/\/atraverschantcolmar.fr\/index.php?rest_route=\/wp\/v2\/types\/page"}],"author":[{"embeddable":true,"href":"https:\/\/atraverschantcolmar.fr\/index.php?rest_route=\/wp\/v2\/users\/1"}],"replies":[{"embeddable":true,"href":"https:\/\/atraverschantcolmar.fr\/index.php?rest_route=%2Fwp%2Fv2%2Fcomments&post=1475"}],"version-history":[{"count":3,"href":"https:\/\/atraverschantcolmar.fr\/index.php?rest_route=\/wp\/v2\/pages\/1475\/revisions"}],"predecessor-version":[{"id":1583,"href":"https:\/\/atraverschantcolmar.fr\/index.php?rest_route=\/wp\/v2\/pages\/1475\/revisions\/1583"}],"wp:attachment":[{"href":"https:\/\/atraverschantcolmar.fr\/index.php?rest_route=%2Fwp%2Fv2%2Fmedia&parent=1475"}],"curies":[{"name":"wp","href":"https:\/\/api.w.org\/{rel}","templated":true}]}}