{"id":1598,"date":"2024-02-03T08:38:16","date_gmt":"2024-02-03T07:38:16","guid":{"rendered":"http:\/\/atraverschantcolmar.fr\/?page_id=1598"},"modified":"2026-01-27T22:06:55","modified_gmt":"2026-01-27T21:06:55","slug":"nos-derniers-programmes","status":"publish","type":"page","link":"https:\/\/atraverschantcolmar.fr\/?page_id=1598","title":{"rendered":"Chansons fran\u00e7aises en   programmes"},"content":{"rendered":"\n<p><strong>Des programmes offerts en fin de spectacle<\/strong><\/p>\n\n\n\n<p>Avez-vous d\u00e9j\u00e0 assist\u00e9 \u00e0 un concert o\u00f9 vous aviez l&#8217;impression de jouer \u00e0 deviner le prochain titre comme \u00e0 un jeu de devinettes o\u00f9 l&#8217;angoisse de l&#8217;attente se m\u00ealait \u00e0 l&#8217;excitation ? Eh bien, chez nous, oubliez \u00e7a !<\/p>\n\n\n\n<p>Bienvenue \u00e0 &#8220;\u00c0 Travers Chant&#8221; o\u00f9 m\u00eame les plus impatients peuvent se d\u00e9tendre et profiter de chaque note sans se soucier du programme. Imaginez-vous : pas de listes interminables \u00e0 scruter, pas de suspense insoutenable, juste vous et la musique !<\/p>\n\n\n\n<p><strong>Mais attention, pas de panique !<\/strong><\/p>\n\n\n\n<p>On sait bien que vous mourrez d&#8217;envie de savoir qui se cache derri\u00e8re chaque m\u00e9lodie envo\u00fbtante ou texte d\u00e9bordant d\u2019\u00e9motions. C&#8217;est pourquoi nos choristes, g\u00e9n\u00e9reux comme ils sont sur sc\u00e8ne, vous offriront gracieusement les programmes \u00e0 la fin du spectacle.<\/p>\n\n\n\n<p><strong>Auteurs , musiciens et interpr\u00e8tes enfin d\u00e9voil\u00e9s  !<\/strong><\/p>\n\n\n\n<p>Alors, restez bien jusqu&#8217;au bout pour recevoir votre programme sur papier glac\u00e9 et prolonger l&#8217;exp\u00e9rience en revivant chaque instant de ce festival en polyphonie et en mouvements. Et qui sait, peut-\u00eatre m\u00eame que vous d\u00e9couvrirez la puissance cach\u00e9e d&#8217;une chanson qui vous fera sourire ou verser une petite larme&#8230; <\/p>\n\n\n\n<p>Mais chut, c&#8217;est un secret !<\/p>\n\n\n\n<p><strong> &#8220;\u00c0 Travers Chant&#8221;, o\u00f9 musiques, chor\u00e9graphies et \u00e9motions font bon m\u00e9nage ! <\/strong><\/p>\n\n\n\n<p><\/p>\n\n\n\n<figure class=\"wp-block-image size-large\"><img loading=\"lazy\" decoding=\"async\" width=\"1024\" height=\"724\" src=\"https:\/\/atraverschantcolmar.fr\/wp-content\/uploads\/2026\/01\/affiches-confidentiellement-melangees-pour-site-1024x724.jpg\" alt=\"\" class=\"wp-image-2193\" srcset=\"https:\/\/atraverschantcolmar.fr\/wp-content\/uploads\/2026\/01\/affiches-confidentiellement-melangees-pour-site-1024x724.jpg 1024w, https:\/\/atraverschantcolmar.fr\/wp-content\/uploads\/2026\/01\/affiches-confidentiellement-melangees-pour-site-300x212.jpg 300w, https:\/\/atraverschantcolmar.fr\/wp-content\/uploads\/2026\/01\/affiches-confidentiellement-melangees-pour-site-768x543.jpg 768w, https:\/\/atraverschantcolmar.fr\/wp-content\/uploads\/2026\/01\/affiches-confidentiellement-melangees-pour-site-1536x1086.jpg 1536w, https:\/\/atraverschantcolmar.fr\/wp-content\/uploads\/2026\/01\/affiches-confidentiellement-melangees-pour-site-1000x707.jpg 1000w, https:\/\/atraverschantcolmar.fr\/wp-content\/uploads\/2026\/01\/affiches-confidentiellement-melangees-pour-site-230x163.jpg 230w, https:\/\/atraverschantcolmar.fr\/wp-content\/uploads\/2026\/01\/affiches-confidentiellement-melangees-pour-site-350x247.jpg 350w, https:\/\/atraverschantcolmar.fr\/wp-content\/uploads\/2026\/01\/affiches-confidentiellement-melangees-pour-site-480x339.jpg 480w, https:\/\/atraverschantcolmar.fr\/wp-content\/uploads\/2026\/01\/affiches-confidentiellement-melangees-pour-site.jpg 1754w\" sizes=\"auto, (max-width: 1024px) 100vw, 1024px\" \/><\/figure>\n\n\n\n<figure class=\"wp-block-image size-large is-resized\"><img loading=\"lazy\" decoding=\"async\" width=\"1024\" height=\"724\" src=\"http:\/\/atraverschantcolmar.fr\/wp-content\/uploads\/2024\/11\/programme-airs-conditionnes-2-3-interieur-1024x724.jpg\" alt=\"\" class=\"wp-image-2078\" style=\"width:790px;height:auto\" srcset=\"https:\/\/atraverschantcolmar.fr\/wp-content\/uploads\/2024\/11\/programme-airs-conditionnes-2-3-interieur-1024x724.jpg 1024w, https:\/\/atraverschantcolmar.fr\/wp-content\/uploads\/2024\/11\/programme-airs-conditionnes-2-3-interieur-300x212.jpg 300w, https:\/\/atraverschantcolmar.fr\/wp-content\/uploads\/2024\/11\/programme-airs-conditionnes-2-3-interieur-768x543.jpg 768w, https:\/\/atraverschantcolmar.fr\/wp-content\/uploads\/2024\/11\/programme-airs-conditionnes-2-3-interieur-1536x1086.jpg 1536w, https:\/\/atraverschantcolmar.fr\/wp-content\/uploads\/2024\/11\/programme-airs-conditionnes-2-3-interieur-2048x1448.jpg 2048w, https:\/\/atraverschantcolmar.fr\/wp-content\/uploads\/2024\/11\/programme-airs-conditionnes-2-3-interieur-1000x707.jpg 1000w, https:\/\/atraverschantcolmar.fr\/wp-content\/uploads\/2024\/11\/programme-airs-conditionnes-2-3-interieur-230x163.jpg 230w, https:\/\/atraverschantcolmar.fr\/wp-content\/uploads\/2024\/11\/programme-airs-conditionnes-2-3-interieur-350x247.jpg 350w, https:\/\/atraverschantcolmar.fr\/wp-content\/uploads\/2024\/11\/programme-airs-conditionnes-2-3-interieur-480x339.jpg 480w\" sizes=\"auto, (max-width: 1024px) 100vw, 1024px\" \/><figcaption class=\"wp-element-caption\"><strong>2024  AIRS CONDITIONN\u00c9S<\/strong> <br>Orelsan &#8211; Fabian &#8211; Dor\u00e9 &#8211; Amir -Les Chaussettes Noires &#8230;<\/figcaption><\/figure>\n\n\n\n<figure class=\"wp-block-image size-large is-resized\"><img loading=\"lazy\" decoding=\"async\" width=\"1024\" height=\"743\" src=\"http:\/\/atraverschantcolmar.fr\/wp-content\/uploads\/2024\/02\/atc-programme-verso-gabarit-a4-1-1024x743.jpg\" alt=\"\" class=\"wp-image-1599\" style=\"width:790px;height:auto\" srcset=\"https:\/\/atraverschantcolmar.fr\/wp-content\/uploads\/2024\/02\/atc-programme-verso-gabarit-a4-1-1024x743.jpg 1024w, https:\/\/atraverschantcolmar.fr\/wp-content\/uploads\/2024\/02\/atc-programme-verso-gabarit-a4-1-300x218.jpg 300w, https:\/\/atraverschantcolmar.fr\/wp-content\/uploads\/2024\/02\/atc-programme-verso-gabarit-a4-1-768x557.jpg 768w, https:\/\/atraverschantcolmar.fr\/wp-content\/uploads\/2024\/02\/atc-programme-verso-gabarit-a4-1-1536x1115.jpg 1536w, https:\/\/atraverschantcolmar.fr\/wp-content\/uploads\/2024\/02\/atc-programme-verso-gabarit-a4-1-2048x1486.jpg 2048w, https:\/\/atraverschantcolmar.fr\/wp-content\/uploads\/2024\/02\/atc-programme-verso-gabarit-a4-1-1000x726.jpg 1000w, https:\/\/atraverschantcolmar.fr\/wp-content\/uploads\/2024\/02\/atc-programme-verso-gabarit-a4-1-550x400.jpg 550w, https:\/\/atraverschantcolmar.fr\/wp-content\/uploads\/2024\/02\/atc-programme-verso-gabarit-a4-1-230x167.jpg 230w, https:\/\/atraverschantcolmar.fr\/wp-content\/uploads\/2024\/02\/atc-programme-verso-gabarit-a4-1-350x254.jpg 350w, https:\/\/atraverschantcolmar.fr\/wp-content\/uploads\/2024\/02\/atc-programme-verso-gabarit-a4-1-480x348.jpg 480w\" sizes=\"auto, (max-width: 1024px) 100vw, 1024px\" \/><figcaption class=\"wp-element-caption\"><strong>2022 PR\u00c9CIEUX PR\u00c9SENT<\/strong><br><em>Vianney &#8211; Big Flo et Oli &#8211; Trenet- Kyo &#8211; Luciani &#8211; Cap\u00e9o<\/em> &#8211; <em>Ma\u00eblle<\/em> &#8230;<\/figcaption><\/figure>\n\n\n\n<figure class=\"wp-block-image size-large is-resized\"><img loading=\"lazy\" decoding=\"async\" width=\"1024\" height=\"734\" src=\"http:\/\/atraverschantcolmar.fr\/wp-content\/uploads\/2024\/01\/programme-vrai-semblant-verso-2-3-1024x734.jpeg\" alt=\"\" class=\"wp-image-1567\" style=\"width:794px;height:auto\" srcset=\"https:\/\/atraverschantcolmar.fr\/wp-content\/uploads\/2024\/01\/programme-vrai-semblant-verso-2-3-1024x734.jpeg 1024w, https:\/\/atraverschantcolmar.fr\/wp-content\/uploads\/2024\/01\/programme-vrai-semblant-verso-2-3-300x215.jpeg 300w, https:\/\/atraverschantcolmar.fr\/wp-content\/uploads\/2024\/01\/programme-vrai-semblant-verso-2-3-768x550.jpeg 768w, https:\/\/atraverschantcolmar.fr\/wp-content\/uploads\/2024\/01\/programme-vrai-semblant-verso-2-3-1536x1101.jpeg 1536w, https:\/\/atraverschantcolmar.fr\/wp-content\/uploads\/2024\/01\/programme-vrai-semblant-verso-2-3-2048x1467.jpeg 2048w, https:\/\/atraverschantcolmar.fr\/wp-content\/uploads\/2024\/01\/programme-vrai-semblant-verso-2-3-1000x716.jpeg 1000w, https:\/\/atraverschantcolmar.fr\/wp-content\/uploads\/2024\/01\/programme-vrai-semblant-verso-2-3-230x165.jpeg 230w, https:\/\/atraverschantcolmar.fr\/wp-content\/uploads\/2024\/01\/programme-vrai-semblant-verso-2-3-350x251.jpeg 350w, https:\/\/atraverschantcolmar.fr\/wp-content\/uploads\/2024\/01\/programme-vrai-semblant-verso-2-3-480x344.jpeg 480w\" sizes=\"auto, (max-width: 1024px) 100vw, 1024px\" \/><figcaption class=\"wp-element-caption\"><strong>2019 VRAI-SEMBLANT<\/strong><br><em>Gotainer &#8211; Soprano &#8211; Zaz- Fugain &#8211; Sardou &#8211; Obispo &#8211; Stromae  &#8230;<\/em><\/figcaption><\/figure>\n\n\n\n<figure class=\"wp-block-image size-large\"><img loading=\"lazy\" decoding=\"async\" width=\"1024\" height=\"706\" src=\"http:\/\/atraverschantcolmar.fr\/wp-content\/uploads\/2024\/02\/droit-dans-ses-notes-1024x706.jpg\" alt=\"\" class=\"wp-image-1663\" srcset=\"https:\/\/atraverschantcolmar.fr\/wp-content\/uploads\/2024\/02\/droit-dans-ses-notes-1024x706.jpg 1024w, https:\/\/atraverschantcolmar.fr\/wp-content\/uploads\/2024\/02\/droit-dans-ses-notes-300x207.jpg 300w, https:\/\/atraverschantcolmar.fr\/wp-content\/uploads\/2024\/02\/droit-dans-ses-notes-768x529.jpg 768w, https:\/\/atraverschantcolmar.fr\/wp-content\/uploads\/2024\/02\/droit-dans-ses-notes-1536x1058.jpg 1536w, https:\/\/atraverschantcolmar.fr\/wp-content\/uploads\/2024\/02\/droit-dans-ses-notes-2048x1411.jpg 2048w, https:\/\/atraverschantcolmar.fr\/wp-content\/uploads\/2024\/02\/droit-dans-ses-notes-1000x689.jpg 1000w, https:\/\/atraverschantcolmar.fr\/wp-content\/uploads\/2024\/02\/droit-dans-ses-notes-230x158.jpg 230w, https:\/\/atraverschantcolmar.fr\/wp-content\/uploads\/2024\/02\/droit-dans-ses-notes-350x241.jpg 350w, https:\/\/atraverschantcolmar.fr\/wp-content\/uploads\/2024\/02\/droit-dans-ses-notes-480x331.jpg 480w\" sizes=\"auto, (max-width: 1024px) 100vw, 1024px\" \/><figcaption class=\"wp-element-caption\"><strong>2017 DROIT DANS SES NOTES<\/strong><br><em>Calogero &#8211; Balavoine &#8211; Fernandel &#8211; Bruel &#8211; Moire<\/em> &#8211; <em>Indila<\/em> &#8211; <em>Pagny <\/em>&#8230;<\/figcaption><\/figure>\n\n\n\n<figure class=\"wp-block-image size-large\"><img loading=\"lazy\" decoding=\"async\" width=\"1024\" height=\"724\" src=\"http:\/\/atraverschantcolmar.fr\/wp-content\/uploads\/2024\/02\/programme-horloge-choristes-et-quatrieme-cosima-1024x724.jpg\" alt=\"\" class=\"wp-image-1602\" srcset=\"https:\/\/atraverschantcolmar.fr\/wp-content\/uploads\/2024\/02\/programme-horloge-choristes-et-quatrieme-cosima-1024x724.jpg 1024w, https:\/\/atraverschantcolmar.fr\/wp-content\/uploads\/2024\/02\/programme-horloge-choristes-et-quatrieme-cosima-300x212.jpg 300w, https:\/\/atraverschantcolmar.fr\/wp-content\/uploads\/2024\/02\/programme-horloge-choristes-et-quatrieme-cosima-768x543.jpg 768w, https:\/\/atraverschantcolmar.fr\/wp-content\/uploads\/2024\/02\/programme-horloge-choristes-et-quatrieme-cosima-1000x707.jpg 1000w, https:\/\/atraverschantcolmar.fr\/wp-content\/uploads\/2024\/02\/programme-horloge-choristes-et-quatrieme-cosima-230x163.jpg 230w, https:\/\/atraverschantcolmar.fr\/wp-content\/uploads\/2024\/02\/programme-horloge-choristes-et-quatrieme-cosima-350x247.jpg 350w, https:\/\/atraverschantcolmar.fr\/wp-content\/uploads\/2024\/02\/programme-horloge-choristes-et-quatrieme-cosima-480x339.jpg 480w, https:\/\/atraverschantcolmar.fr\/wp-content\/uploads\/2024\/02\/programme-horloge-choristes-et-quatrieme-cosima.jpg 1122w\" sizes=\"auto, (max-width: 1024px) 100vw, 1024px\" \/><figcaption class=\"wp-element-caption\"><strong>2015 EN DEUX TEMPS TROIS MOUVEMENTS<\/strong><br><em>Berger &#8211; Dutronc &#8211; T\u00e9l\u00e9phone &#8211; Bourvil &#8211; Zazie<\/em> &#8230;<\/figcaption><\/figure>\n\n\n\n<figure class=\"wp-block-image size-large is-resized\"><img loading=\"lazy\" decoding=\"async\" width=\"2560\" height=\"1771\" src=\"http:\/\/atraverschantcolmar.fr\/wp-content\/uploads\/2024\/02\/2013-la-vie-a-travers-chant-edited-scaled.jpg\" alt=\"\" class=\"wp-image-1661\" style=\"width:790px;height:auto\" srcset=\"https:\/\/atraverschantcolmar.fr\/wp-content\/uploads\/2024\/02\/2013-la-vie-a-travers-chant-edited-scaled.jpg 2560w, https:\/\/atraverschantcolmar.fr\/wp-content\/uploads\/2024\/02\/2013-la-vie-a-travers-chant-edited-300x208.jpg 300w, https:\/\/atraverschantcolmar.fr\/wp-content\/uploads\/2024\/02\/2013-la-vie-a-travers-chant-edited-1024x709.jpg 1024w, https:\/\/atraverschantcolmar.fr\/wp-content\/uploads\/2024\/02\/2013-la-vie-a-travers-chant-edited-768x531.jpg 768w, https:\/\/atraverschantcolmar.fr\/wp-content\/uploads\/2024\/02\/2013-la-vie-a-travers-chant-edited-1536x1063.jpg 1536w, https:\/\/atraverschantcolmar.fr\/wp-content\/uploads\/2024\/02\/2013-la-vie-a-travers-chant-edited-2048x1417.jpg 2048w, https:\/\/atraverschantcolmar.fr\/wp-content\/uploads\/2024\/02\/2013-la-vie-a-travers-chant-edited-1000x692.jpg 1000w, https:\/\/atraverschantcolmar.fr\/wp-content\/uploads\/2024\/02\/2013-la-vie-a-travers-chant-edited-230x159.jpg 230w, https:\/\/atraverschantcolmar.fr\/wp-content\/uploads\/2024\/02\/2013-la-vie-a-travers-chant-edited-350x242.jpg 350w, https:\/\/atraverschantcolmar.fr\/wp-content\/uploads\/2024\/02\/2013-la-vie-a-travers-chant-edited-480x332.jpg 480w\" sizes=\"auto, (max-width: 2560px) 100vw, 2560px\" \/><figcaption class=\"wp-element-caption\"><strong>2013 MILLE ET UNE VIES \u00c0 TRAVERS CHANT<\/strong><br><em>Birkin &#8211; Sanson &#8211; Chedid- Chevalier &#8211; Ferrer &#8211; Piaf<\/em> &#8230;<\/figcaption><\/figure>\n\n\n\n<figure class=\"wp-block-image size-large is-resized\"><img loading=\"lazy\" decoding=\"async\" width=\"1024\" height=\"713\" src=\"http:\/\/atraverschantcolmar.fr\/wp-content\/uploads\/2024\/02\/DE-BAS-EN-HAUT-PROGRAMME-2-1024x713.jpg\" alt=\"\" class=\"wp-image-1600\" style=\"width:790px;height:auto\" srcset=\"https:\/\/atraverschantcolmar.fr\/wp-content\/uploads\/2024\/02\/DE-BAS-EN-HAUT-PROGRAMME-2-1024x713.jpg 1024w, https:\/\/atraverschantcolmar.fr\/wp-content\/uploads\/2024\/02\/DE-BAS-EN-HAUT-PROGRAMME-2-300x209.jpg 300w, https:\/\/atraverschantcolmar.fr\/wp-content\/uploads\/2024\/02\/DE-BAS-EN-HAUT-PROGRAMME-2-768x535.jpg 768w, https:\/\/atraverschantcolmar.fr\/wp-content\/uploads\/2024\/02\/DE-BAS-EN-HAUT-PROGRAMME-2-1536x1069.jpg 1536w, https:\/\/atraverschantcolmar.fr\/wp-content\/uploads\/2024\/02\/DE-BAS-EN-HAUT-PROGRAMME-2-2048x1425.jpg 2048w, https:\/\/atraverschantcolmar.fr\/wp-content\/uploads\/2024\/02\/DE-BAS-EN-HAUT-PROGRAMME-2-1000x696.jpg 1000w, https:\/\/atraverschantcolmar.fr\/wp-content\/uploads\/2024\/02\/DE-BAS-EN-HAUT-PROGRAMME-2-230x160.jpg 230w, https:\/\/atraverschantcolmar.fr\/wp-content\/uploads\/2024\/02\/DE-BAS-EN-HAUT-PROGRAMME-2-350x244.jpg 350w, https:\/\/atraverschantcolmar.fr\/wp-content\/uploads\/2024\/02\/DE-BAS-EN-HAUT-PROGRAMME-2-480x334.jpg 480w\" sizes=\"auto, (max-width: 1024px) 100vw, 1024px\" \/><figcaption class=\"wp-element-caption\"><strong>2011 DE BAS EN HAUT<\/strong><br><em>Goldman &#8211; Aznavour &#8211; Lama- Clerc &#8211; Polnareff<\/em> &#8211; <em>Ridan<\/em> &#8211; <em>Dingler <\/em>&#8230;<\/figcaption><\/figure>\n\n\n\n<figure class=\"wp-block-image size-large\"><img loading=\"lazy\" decoding=\"async\" width=\"1024\" height=\"742\" src=\"http:\/\/atraverschantcolmar.fr\/wp-content\/uploads\/2024\/02\/programme-2009-1024x742.jpg\" alt=\"\" class=\"wp-image-1738\" srcset=\"https:\/\/atraverschantcolmar.fr\/wp-content\/uploads\/2024\/02\/programme-2009-1024x742.jpg 1024w, https:\/\/atraverschantcolmar.fr\/wp-content\/uploads\/2024\/02\/programme-2009-300x217.jpg 300w, https:\/\/atraverschantcolmar.fr\/wp-content\/uploads\/2024\/02\/programme-2009-768x556.jpg 768w, https:\/\/atraverschantcolmar.fr\/wp-content\/uploads\/2024\/02\/programme-2009-1536x1113.jpg 1536w, https:\/\/atraverschantcolmar.fr\/wp-content\/uploads\/2024\/02\/programme-2009-2048x1484.jpg 2048w, https:\/\/atraverschantcolmar.fr\/wp-content\/uploads\/2024\/02\/programme-2009-1000x725.jpg 1000w, https:\/\/atraverschantcolmar.fr\/wp-content\/uploads\/2024\/02\/programme-2009-550x400.jpg 550w, https:\/\/atraverschantcolmar.fr\/wp-content\/uploads\/2024\/02\/programme-2009-230x167.jpg 230w, https:\/\/atraverschantcolmar.fr\/wp-content\/uploads\/2024\/02\/programme-2009-350x254.jpg 350w, https:\/\/atraverschantcolmar.fr\/wp-content\/uploads\/2024\/02\/programme-2009-480x348.jpg 480w\" sizes=\"auto, (max-width: 1024px) 100vw, 1024px\" \/><figcaption class=\"wp-element-caption\"><strong>2009 DE PETITS P\u00c9CH\u00c9<\/strong>S <strong>CAPITAUX EN PETITS BONHEURS CAPITEUX <\/strong><br>Zebda &#8211; B\u00e9caud &#8211; Ferrat &#8211; Les Fr\u00e8res Jacques &#8211; B\u00e9nabar &#8211; Hardy &#8230;<\/figcaption><\/figure>\n\n\n\n<figure class=\"wp-block-image size-large\"><img loading=\"lazy\" decoding=\"async\" width=\"1024\" height=\"724\" src=\"http:\/\/atraverschantcolmar.fr\/wp-content\/uploads\/2024\/02\/programme-inconnu-scaled-e1708858314192-1024x724.jpg\" alt=\"\" class=\"wp-image-1736\" srcset=\"https:\/\/atraverschantcolmar.fr\/wp-content\/uploads\/2024\/02\/programme-inconnu-scaled-e1708858314192-1024x724.jpg 1024w, https:\/\/atraverschantcolmar.fr\/wp-content\/uploads\/2024\/02\/programme-inconnu-scaled-e1708858314192-300x212.jpg 300w, https:\/\/atraverschantcolmar.fr\/wp-content\/uploads\/2024\/02\/programme-inconnu-scaled-e1708858314192-768x543.jpg 768w, https:\/\/atraverschantcolmar.fr\/wp-content\/uploads\/2024\/02\/programme-inconnu-scaled-e1708858314192-1536x1087.jpg 1536w, https:\/\/atraverschantcolmar.fr\/wp-content\/uploads\/2024\/02\/programme-inconnu-scaled-e1708858314192-2048x1449.jpg 2048w, https:\/\/atraverschantcolmar.fr\/wp-content\/uploads\/2024\/02\/programme-inconnu-scaled-e1708858314192-1000x707.jpg 1000w, https:\/\/atraverschantcolmar.fr\/wp-content\/uploads\/2024\/02\/programme-inconnu-scaled-e1708858314192-230x163.jpg 230w, https:\/\/atraverschantcolmar.fr\/wp-content\/uploads\/2024\/02\/programme-inconnu-scaled-e1708858314192-350x248.jpg 350w, https:\/\/atraverschantcolmar.fr\/wp-content\/uploads\/2024\/02\/programme-inconnu-scaled-e1708858314192-480x340.jpg 480w\" sizes=\"auto, (max-width: 1024px) 100vw, 1024px\" \/><figcaption class=\"wp-element-caption\">Les Innocents &#8211; Dassin &#8211; Lama &#8211; Lavil &#8211; Mecano &#8211;  Higelin&#8230;<\/figcaption><\/figure>\n\n\n\n<figure class=\"wp-block-image size-large is-resized\"><img loading=\"lazy\" decoding=\"async\" width=\"717\" height=\"1024\" src=\"http:\/\/atraverschantcolmar.fr\/wp-content\/uploads\/2024\/02\/prograume-vous-avez-un-message-717x1024.jpg\" alt=\"\" class=\"wp-image-1737\" style=\"width:791px;height:auto\" srcset=\"https:\/\/atraverschantcolmar.fr\/wp-content\/uploads\/2024\/02\/prograume-vous-avez-un-message-717x1024.jpg 717w, https:\/\/atraverschantcolmar.fr\/wp-content\/uploads\/2024\/02\/prograume-vous-avez-un-message-210x300.jpg 210w, https:\/\/atraverschantcolmar.fr\/wp-content\/uploads\/2024\/02\/prograume-vous-avez-un-message-768x1097.jpg 768w, https:\/\/atraverschantcolmar.fr\/wp-content\/uploads\/2024\/02\/prograume-vous-avez-un-message-1075x1536.jpg 1075w, https:\/\/atraverschantcolmar.fr\/wp-content\/uploads\/2024\/02\/prograume-vous-avez-un-message-1434x2048.jpg 1434w, https:\/\/atraverschantcolmar.fr\/wp-content\/uploads\/2024\/02\/prograume-vous-avez-un-message-1000x1429.jpg 1000w, https:\/\/atraverschantcolmar.fr\/wp-content\/uploads\/2024\/02\/prograume-vous-avez-un-message-230x329.jpg 230w, https:\/\/atraverschantcolmar.fr\/wp-content\/uploads\/2024\/02\/prograume-vous-avez-un-message-350x500.jpg 350w, https:\/\/atraverschantcolmar.fr\/wp-content\/uploads\/2024\/02\/prograume-vous-avez-un-message-480x686.jpg 480w, https:\/\/atraverschantcolmar.fr\/wp-content\/uploads\/2024\/02\/prograume-vous-avez-un-message.jpg 1680w\" sizes=\"auto, (max-width: 717px) 100vw, 717px\" \/><figcaption class=\"wp-element-caption\">Renaud &#8211; Brillant &#8211; Fugain &#8211; Noah &#8211; Le  Forestier &#8211; Delpech &#8211; Nougaro &#8211; Jonasz &#8230;<\/figcaption><\/figure>\n\n\n","protected":false},"excerpt":{"rendered":"<p>Des programmes offerts en fin de spectacle Avez-vous d\u00e9j\u00e0 assist\u00e9 \u00e0 un concert o\u00f9 vous aviez l&#8217;impression de jouer \u00e0 deviner le [&hellip;]<\/p>\n","protected":false},"author":1,"featured_media":0,"parent":0,"menu_order":0,"comment_status":"closed","ping_status":"closed","template":"","meta":{"ngg_post_thumbnail":0,"footnotes":""},"class_list":["post-1598","page","type-page","status-publish","hentry"],"_links":{"self":[{"href":"https:\/\/atraverschantcolmar.fr\/index.php?rest_route=\/wp\/v2\/pages\/1598","targetHints":{"allow":["GET"]}}],"collection":[{"href":"https:\/\/atraverschantcolmar.fr\/index.php?rest_route=\/wp\/v2\/pages"}],"about":[{"href":"https:\/\/atraverschantcolmar.fr\/index.php?rest_route=\/wp\/v2\/types\/page"}],"author":[{"embeddable":true,"href":"https:\/\/atraverschantcolmar.fr\/index.php?rest_route=\/wp\/v2\/users\/1"}],"replies":[{"embeddable":true,"href":"https:\/\/atraverschantcolmar.fr\/index.php?rest_route=%2Fwp%2Fv2%2Fcomments&post=1598"}],"version-history":[{"count":40,"href":"https:\/\/atraverschantcolmar.fr\/index.php?rest_route=\/wp\/v2\/pages\/1598\/revisions"}],"predecessor-version":[{"id":2194,"href":"https:\/\/atraverschantcolmar.fr\/index.php?rest_route=\/wp\/v2\/pages\/1598\/revisions\/2194"}],"wp:attachment":[{"href":"https:\/\/atraverschantcolmar.fr\/index.php?rest_route=%2Fwp%2Fv2%2Fmedia&parent=1598"}],"curies":[{"name":"wp","href":"https:\/\/api.w.org\/{rel}","templated":true}]}}