{"id":1829,"date":"2024-03-21T11:19:52","date_gmt":"2024-03-21T10:19:52","guid":{"rendered":"http:\/\/atraverschantcolmar.fr\/?page_id=1829"},"modified":"2024-03-21T11:24:39","modified_gmt":"2024-03-21T10:24:39","slug":"2024-airs-conditionnes","status":"publish","type":"page","link":"https:\/\/atraverschantcolmar.fr\/?page_id=1829","title":{"rendered":"2024 AIRS CONDITIONN\u00c9S"},"content":{"rendered":"\n<figure class=\"wp-block-image size-large\"><img loading=\"lazy\" decoding=\"async\" width=\"724\" height=\"1024\" src=\"http:\/\/atraverschantcolmar.fr\/wp-content\/uploads\/2024\/01\/EDEN-ATRAVERSCHANT-AIRSCONDITIONNES-724x1024.jpg\" alt=\"\" class=\"wp-image-1240\" srcset=\"https:\/\/atraverschantcolmar.fr\/wp-content\/uploads\/2024\/01\/EDEN-ATRAVERSCHANT-AIRSCONDITIONNES-724x1024.jpg 724w, https:\/\/atraverschantcolmar.fr\/wp-content\/uploads\/2024\/01\/EDEN-ATRAVERSCHANT-AIRSCONDITIONNES-212x300.jpg 212w, https:\/\/atraverschantcolmar.fr\/wp-content\/uploads\/2024\/01\/EDEN-ATRAVERSCHANT-AIRSCONDITIONNES-768x1086.jpg 768w, https:\/\/atraverschantcolmar.fr\/wp-content\/uploads\/2024\/01\/EDEN-ATRAVERSCHANT-AIRSCONDITIONNES-1086x1536.jpg 1086w, https:\/\/atraverschantcolmar.fr\/wp-content\/uploads\/2024\/01\/EDEN-ATRAVERSCHANT-AIRSCONDITIONNES-1448x2048.jpg 1448w, https:\/\/atraverschantcolmar.fr\/wp-content\/uploads\/2024\/01\/EDEN-ATRAVERSCHANT-AIRSCONDITIONNES-1000x1415.jpg 1000w, https:\/\/atraverschantcolmar.fr\/wp-content\/uploads\/2024\/01\/EDEN-ATRAVERSCHANT-AIRSCONDITIONNES-230x325.jpg 230w, https:\/\/atraverschantcolmar.fr\/wp-content\/uploads\/2024\/01\/EDEN-ATRAVERSCHANT-AIRSCONDITIONNES-350x495.jpg 350w, https:\/\/atraverschantcolmar.fr\/wp-content\/uploads\/2024\/01\/EDEN-ATRAVERSCHANT-AIRSCONDITIONNES-480x679.jpg 480w, https:\/\/atraverschantcolmar.fr\/wp-content\/uploads\/2024\/01\/EDEN-ATRAVERSCHANT-AIRSCONDITIONNES-scaled.jpg 1810w\" sizes=\"auto, (max-width: 724px) 100vw, 724px\" \/><\/figure>\n\n\n\n<p><strong>2024 <\/strong> <strong>LES AIRS CONDITIONN\u00c9S<\/strong><\/p>\n\n\n\n<p><strong>Toute existence se d\u00e9roule au rythme des choix et des d\u00e9cisions qui la ponctuent, des refus qui marquent ses contours et des acceptations qui la fa\u00e7onnent.<\/strong><\/p>\n\n\n\n<p><strong>Entre les \u00e9lans du c\u0153ur et les exigences du monde, nous sommes guid\u00e9s par les fils invisibles de notre \u00e9ducation et de notre environnement, subtilement nou\u00e9s, inspirant chaque pas, chaque souffle, chaque pens\u00e9e. Au c\u0153ur de cette trame tiss\u00e9e de la vie ordinaire,\u00a0 la chanson fran\u00e7aise est grav\u00e9e dans nos \u00e9motions les plus personnelles.<\/strong><\/p>\n\n\n\n<p><strong>Ses m\u00e9lodies populaires, ses textes porteurs de sens\u00a0\u00a0r\u00e9sonnent en nous comme autant de fragments de\u00a0v\u00e9rit\u00e9, de souvenirs, de r\u00eaves enfouis.<\/strong><\/p>\n\n\n\n<p class=\"has-text-align-left\"><strong>\u00c0 Travers Chant contribue ainsi \u00e0 cette m\u00e9tamorphose, transformant les notes et les mots en airs conditionn\u00e9s, impr\u00e9gnant notre \u00eatre<\/strong> <strong>d\u2019exaltation et d\u2019espoir mais aussi de m\u00e9lancolie.<\/strong><\/p>\n","protected":false},"excerpt":{"rendered":"<p>2024 LES AIRS CONDITIONN\u00c9S Toute existence se d\u00e9roule au rythme des choix et des d\u00e9cisions qui la ponctuent, des refus qui marquent [&hellip;]<\/p>\n","protected":false},"author":1,"featured_media":0,"parent":0,"menu_order":0,"comment_status":"closed","ping_status":"closed","template":"","meta":{"ngg_post_thumbnail":0,"footnotes":""},"class_list":["post-1829","page","type-page","status-publish","hentry"],"_links":{"self":[{"href":"https:\/\/atraverschantcolmar.fr\/index.php?rest_route=\/wp\/v2\/pages\/1829","targetHints":{"allow":["GET"]}}],"collection":[{"href":"https:\/\/atraverschantcolmar.fr\/index.php?rest_route=\/wp\/v2\/pages"}],"about":[{"href":"https:\/\/atraverschantcolmar.fr\/index.php?rest_route=\/wp\/v2\/types\/page"}],"author":[{"embeddable":true,"href":"https:\/\/atraverschantcolmar.fr\/index.php?rest_route=\/wp\/v2\/users\/1"}],"replies":[{"embeddable":true,"href":"https:\/\/atraverschantcolmar.fr\/index.php?rest_route=%2Fwp%2Fv2%2Fcomments&post=1829"}],"version-history":[{"count":3,"href":"https:\/\/atraverschantcolmar.fr\/index.php?rest_route=\/wp\/v2\/pages\/1829\/revisions"}],"predecessor-version":[{"id":1835,"href":"https:\/\/atraverschantcolmar.fr\/index.php?rest_route=\/wp\/v2\/pages\/1829\/revisions\/1835"}],"wp:attachment":[{"href":"https:\/\/atraverschantcolmar.fr\/index.php?rest_route=%2Fwp%2Fv2%2Fmedia&parent=1829"}],"curies":[{"name":"wp","href":"https:\/\/api.w.org\/{rel}","templated":true}]}}