{"id":749,"date":"2017-03-22T13:33:51","date_gmt":"2017-03-22T12:33:51","guid":{"rendered":"http:\/\/atraverschantcolmar.fr\/?page_id=749"},"modified":"2024-02-13T23:54:17","modified_gmt":"2024-02-13T22:54:17","slug":"christele-barleon-chef-de-choeur-a-lhonneur","status":"publish","type":"page","link":"https:\/\/atraverschantcolmar.fr\/?page_id=749","title":{"rendered":"Christ\u00e8le Barl\u00e9on,  chef de choeur,  \u00e0 l&#8217;honneur"},"content":{"rendered":"<div id=\"pl-749\"  class=\"panel-layout\" ><div id=\"pg-749-0\"  class=\"panel-grid panel-has-style\" ><div style=\"padding: 100px 0; \" data-overlay=\"true\" class=\"panel-row-style panel-row-style-for-749-0\" ><div id=\"pgc-749-0-0\"  class=\"panel-grid-cell\" ><div id=\"panel-749-0-0-0\" class=\"so-panel widget widget_media_image panel-first-child panel-last-child\" data-index=\"0\" ><div style=\"text-align: left;\" data-title-color=\"#443f3f\" data-headings-color=\"#443f3f\" class=\"panel-widget-style panel-widget-style-for-749-0-0-0\" ><img loading=\"lazy\" decoding=\"async\" width=\"702\" height=\"1024\" src=\"https:\/\/atraverschantcolmar.fr\/wp-content\/uploads\/2024\/01\/2017-03-20_LAlsace_p24_Christele-portrait-lundi-1-702x1024.jpg\" class=\"image wp-image-1559  attachment-large size-large\" alt=\"\" style=\"max-width: 100%; height: auto;\" srcset=\"https:\/\/atraverschantcolmar.fr\/wp-content\/uploads\/2024\/01\/2017-03-20_LAlsace_p24_Christele-portrait-lundi-1-702x1024.jpg 702w, https:\/\/atraverschantcolmar.fr\/wp-content\/uploads\/2024\/01\/2017-03-20_LAlsace_p24_Christele-portrait-lundi-1-206x300.jpg 206w, https:\/\/atraverschantcolmar.fr\/wp-content\/uploads\/2024\/01\/2017-03-20_LAlsace_p24_Christele-portrait-lundi-1-768x1120.jpg 768w, https:\/\/atraverschantcolmar.fr\/wp-content\/uploads\/2024\/01\/2017-03-20_LAlsace_p24_Christele-portrait-lundi-1-1053x1536.jpg 1053w, https:\/\/atraverschantcolmar.fr\/wp-content\/uploads\/2024\/01\/2017-03-20_LAlsace_p24_Christele-portrait-lundi-1-1404x2048.jpg 1404w, https:\/\/atraverschantcolmar.fr\/wp-content\/uploads\/2024\/01\/2017-03-20_LAlsace_p24_Christele-portrait-lundi-1-1000x1459.jpg 1000w, https:\/\/atraverschantcolmar.fr\/wp-content\/uploads\/2024\/01\/2017-03-20_LAlsace_p24_Christele-portrait-lundi-1-230x336.jpg 230w, https:\/\/atraverschantcolmar.fr\/wp-content\/uploads\/2024\/01\/2017-03-20_LAlsace_p24_Christele-portrait-lundi-1-350x511.jpg 350w, https:\/\/atraverschantcolmar.fr\/wp-content\/uploads\/2024\/01\/2017-03-20_LAlsace_p24_Christele-portrait-lundi-1-480x700.jpg 480w, https:\/\/atraverschantcolmar.fr\/wp-content\/uploads\/2024\/01\/2017-03-20_LAlsace_p24_Christele-portrait-lundi-1-scaled.jpg 1755w\" sizes=\"auto, (max-width: 702px) 100vw, 702px\" \/><\/div><\/div><\/div><\/div><\/div><div id=\"pg-749-1\"  class=\"panel-grid panel-has-style\" ><div style=\"padding: 100px 0; \" data-overlay=\"true\" data-overlay-color=\"#000000\" class=\"panel-row-style panel-row-style-for-749-1\" ><div id=\"pgc-749-1-0\"  class=\"panel-grid-cell\" ><div id=\"panel-749-1-0-0\" class=\"so-panel widget widget_media_image panel-first-child panel-last-child\" data-index=\"1\" ><div style=\"text-align: left;\" data-title-color=\"#443f3f\" data-headings-color=\"#443f3f\" class=\"panel-widget-style panel-widget-style-for-749-1-0-0\" ><img loading=\"lazy\" decoding=\"async\" width=\"1347\" height=\"2560\" src=\"https:\/\/atraverschantcolmar.fr\/wp-content\/uploads\/2024\/01\/DNA-DU-24-Fevrier-2017-LES-30-ANS-DE-LA-TROUPE-A-TRAVERS-CHANT-ET-LES-30-ANS-DE-DIRECTION-DE-SON-CHEF-DE-CHOEUR-2-scaled.jpg\" class=\"image wp-image-1580  attachment-full size-full\" alt=\"\" style=\"max-width: 100%; height: auto;\" srcset=\"https:\/\/atraverschantcolmar.fr\/wp-content\/uploads\/2024\/01\/DNA-DU-24-Fevrier-2017-LES-30-ANS-DE-LA-TROUPE-A-TRAVERS-CHANT-ET-LES-30-ANS-DE-DIRECTION-DE-SON-CHEF-DE-CHOEUR-2-scaled.jpg 1347w, https:\/\/atraverschantcolmar.fr\/wp-content\/uploads\/2024\/01\/DNA-DU-24-Fevrier-2017-LES-30-ANS-DE-LA-TROUPE-A-TRAVERS-CHANT-ET-LES-30-ANS-DE-DIRECTION-DE-SON-CHEF-DE-CHOEUR-2-158x300.jpg 158w, https:\/\/atraverschantcolmar.fr\/wp-content\/uploads\/2024\/01\/DNA-DU-24-Fevrier-2017-LES-30-ANS-DE-LA-TROUPE-A-TRAVERS-CHANT-ET-LES-30-ANS-DE-DIRECTION-DE-SON-CHEF-DE-CHOEUR-2-539x1024.jpg 539w, https:\/\/atraverschantcolmar.fr\/wp-content\/uploads\/2024\/01\/DNA-DU-24-Fevrier-2017-LES-30-ANS-DE-LA-TROUPE-A-TRAVERS-CHANT-ET-LES-30-ANS-DE-DIRECTION-DE-SON-CHEF-DE-CHOEUR-2-768x1460.jpg 768w, https:\/\/atraverschantcolmar.fr\/wp-content\/uploads\/2024\/01\/DNA-DU-24-Fevrier-2017-LES-30-ANS-DE-LA-TROUPE-A-TRAVERS-CHANT-ET-LES-30-ANS-DE-DIRECTION-DE-SON-CHEF-DE-CHOEUR-2-808x1536.jpg 808w, https:\/\/atraverschantcolmar.fr\/wp-content\/uploads\/2024\/01\/DNA-DU-24-Fevrier-2017-LES-30-ANS-DE-LA-TROUPE-A-TRAVERS-CHANT-ET-LES-30-ANS-DE-DIRECTION-DE-SON-CHEF-DE-CHOEUR-2-1077x2048.jpg 1077w, https:\/\/atraverschantcolmar.fr\/wp-content\/uploads\/2024\/01\/DNA-DU-24-Fevrier-2017-LES-30-ANS-DE-LA-TROUPE-A-TRAVERS-CHANT-ET-LES-30-ANS-DE-DIRECTION-DE-SON-CHEF-DE-CHOEUR-2-1000x1901.jpg 1000w, https:\/\/atraverschantcolmar.fr\/wp-content\/uploads\/2024\/01\/DNA-DU-24-Fevrier-2017-LES-30-ANS-DE-LA-TROUPE-A-TRAVERS-CHANT-ET-LES-30-ANS-DE-DIRECTION-DE-SON-CHEF-DE-CHOEUR-2-230x437.jpg 230w, https:\/\/atraverschantcolmar.fr\/wp-content\/uploads\/2024\/01\/DNA-DU-24-Fevrier-2017-LES-30-ANS-DE-LA-TROUPE-A-TRAVERS-CHANT-ET-LES-30-ANS-DE-DIRECTION-DE-SON-CHEF-DE-CHOEUR-2-350x665.jpg 350w, https:\/\/atraverschantcolmar.fr\/wp-content\/uploads\/2024\/01\/DNA-DU-24-Fevrier-2017-LES-30-ANS-DE-LA-TROUPE-A-TRAVERS-CHANT-ET-LES-30-ANS-DE-DIRECTION-DE-SON-CHEF-DE-CHOEUR-2-480x912.jpg 480w\" sizes=\"auto, (max-width: 1347px) 100vw, 1347px\" \/><\/div><\/div><\/div><\/div><\/div><div id=\"pg-749-2\"  class=\"panel-grid panel-has-style\" ><div style=\"padding: 100px 0; \" data-overlay=\"true\" data-overlay-color=\"#000000\" class=\"panel-row-style panel-row-style-for-749-2\" ><div id=\"pgc-749-2-0\"  class=\"panel-grid-cell\" ><div id=\"panel-749-2-0-0\" class=\"so-panel widget widget_media_image panel-first-child panel-last-child\" data-index=\"2\" ><div style=\"text-align: left;\" data-title-color=\"#443f3f\" data-headings-color=\"#443f3f\" class=\"panel-widget-style panel-widget-style-for-749-2-0-0\" ><img loading=\"lazy\" decoding=\"async\" width=\"1920\" height=\"2560\" src=\"https:\/\/atraverschantcolmar.fr\/wp-content\/uploads\/2024\/02\/IMG_20230924_101112-01-1-scaled.jpeg\" class=\"image wp-image-1713  attachment-full size-full\" alt=\"\" style=\"max-width: 100%; height: auto;\" srcset=\"https:\/\/atraverschantcolmar.fr\/wp-content\/uploads\/2024\/02\/IMG_20230924_101112-01-1-scaled.jpeg 1920w, https:\/\/atraverschantcolmar.fr\/wp-content\/uploads\/2024\/02\/IMG_20230924_101112-01-1-225x300.jpeg 225w, https:\/\/atraverschantcolmar.fr\/wp-content\/uploads\/2024\/02\/IMG_20230924_101112-01-1-768x1024.jpeg 768w, https:\/\/atraverschantcolmar.fr\/wp-content\/uploads\/2024\/02\/IMG_20230924_101112-01-1-1152x1536.jpeg 1152w, https:\/\/atraverschantcolmar.fr\/wp-content\/uploads\/2024\/02\/IMG_20230924_101112-01-1-1536x2048.jpeg 1536w, https:\/\/atraverschantcolmar.fr\/wp-content\/uploads\/2024\/02\/IMG_20230924_101112-01-1-1000x1333.jpeg 1000w, https:\/\/atraverschantcolmar.fr\/wp-content\/uploads\/2024\/02\/IMG_20230924_101112-01-1-230x307.jpeg 230w, https:\/\/atraverschantcolmar.fr\/wp-content\/uploads\/2024\/02\/IMG_20230924_101112-01-1-350x467.jpeg 350w, https:\/\/atraverschantcolmar.fr\/wp-content\/uploads\/2024\/02\/IMG_20230924_101112-01-1-480x640.jpeg 480w\" sizes=\"auto, (max-width: 1920px) 100vw, 1920px\" \/><\/div><\/div><\/div><\/div><\/div><\/div>","protected":false},"excerpt":{"rendered":"","protected":false},"author":1,"featured_media":0,"parent":0,"menu_order":0,"comment_status":"closed","ping_status":"closed","template":"","meta":{"ngg_post_thumbnail":0,"footnotes":""},"class_list":["post-749","page","type-page","status-publish","hentry"],"_links":{"self":[{"href":"https:\/\/atraverschantcolmar.fr\/index.php?rest_route=\/wp\/v2\/pages\/749","targetHints":{"allow":["GET"]}}],"collection":[{"href":"https:\/\/atraverschantcolmar.fr\/index.php?rest_route=\/wp\/v2\/pages"}],"about":[{"href":"https:\/\/atraverschantcolmar.fr\/index.php?rest_route=\/wp\/v2\/types\/page"}],"author":[{"embeddable":true,"href":"https:\/\/atraverschantcolmar.fr\/index.php?rest_route=\/wp\/v2\/users\/1"}],"replies":[{"embeddable":true,"href":"https:\/\/atraverschantcolmar.fr\/index.php?rest_route=%2Fwp%2Fv2%2Fcomments&post=749"}],"version-history":[{"count":15,"href":"https:\/\/atraverschantcolmar.fr\/index.php?rest_route=\/wp\/v2\/pages\/749\/revisions"}],"predecessor-version":[{"id":1714,"href":"https:\/\/atraverschantcolmar.fr\/index.php?rest_route=\/wp\/v2\/pages\/749\/revisions\/1714"}],"wp:attachment":[{"href":"https:\/\/atraverschantcolmar.fr\/index.php?rest_route=%2Fwp%2Fv2%2Fmedia&parent=749"}],"curies":[{"name":"wp","href":"https:\/\/api.w.org\/{rel}","templated":true}]}}